{"id":1182,"date":"2025-03-03T21:21:10","date_gmt":"2025-03-03T20:21:10","guid":{"rendered":"https:\/\/velonord.blog\/chi-sono\/"},"modified":"2025-05-24T08:55:54","modified_gmt":"2025-05-24T06:55:54","slug":"chi-sono","status":"publish","type":"page","link":"https:\/\/velonord.blog\/de\/","title":{"rendered":"\u00dcber"},"content":{"rendered":"\n<p class=\"wp-block-paragraph\">\ud83c\uddf3\ud83c\uddf4 Noe innhold er allerede tilgjengelig \u2013 mer kommer snart<br\/>\ud83c\uddf5\ud83c\uddf1 Cz\u0119\u015b\u0107 tre\u015bci ju\u017c dost\u0119pna \u2013 wi\u0119cej wkr\u00f3tce<br\/>\ud83c\uddea\ud83c\uddf8 Parte del contenido ya disponible \u2013 m\u00e1s muy pronto<br\/>\ud83c\udde9\ud83c\uddea Erste Inhalte bereits verf\u00fcgbar \u2013 mehr folgt in K\u00fcrze<br\/>\ud83c\uddeb\ud83c\uddf7 Du contenu est d\u00e9j\u00e0 disponible \u2013 d\u2019autres arrivent bient\u00f4t<br\/>\ud83c\uddee\ud83c\uddf9 Alcuni contenuti sono gi\u00e0 disponibili \u2013 altri in arrivo<\/p>\n\n<p class=\"wp-block-paragraph\"><strong>Willkommen bei VeloNord \u2013 ich teile Geschichten von unterwegs, getestete Ausr\u00fcstung und die Freude (und den Schmerz) des Langstreckenfahrens.<\/strong><\/p>\n\n<p class=\"wp-block-paragraph\">Magst du lange Radtouren, neue Orte entdecken und neues Equipment testen? Dann bist du hier genau richtig!<br\/>In diesem Blog teile ich meine Erfahrungen von Langstreckenfahrten \u2013 in Norwegen und im Ausland.<br\/>Hier findest du Tourenberichte, praktische Tipps, Ausr\u00fcstungsreviews und Inspiration f\u00fcr dein n\u00e4chstes Abenteuer auf zwei R\u00e4dern.   <\/p>\n\n<p class=\"wp-block-paragraph\">Egal ob du ein erfahrener Langstreckenradler bist oder ein Anf\u00e4nger, der von seinem ersten Abenteuer tr\u00e4umt \u2013 ich hoffe, du findest hier hilfreiche Tipps und Inspiration.<br\/>Willkommen \u2013 begleite mich auf dieser Reise! \ud83d\udeb4\u200d\u2642\ufe0f\ud83c\udf0d  <\/p>\n\n<hr class=\"wp-block-separator has-alpha-channel-opacity\"\/>\n\n<h3 class=\"wp-block-heading\">\u270d\ufe0f <strong>Pl\u00e4ne und Projekte f\u00fcr 2025<\/strong><\/h3>\n\n<h3 class=\"wp-block-heading\" id=\"2fa8f95a-1566-4cb1-b912-1c9bf8af5af2\">\u2705 <strong>Dezember\u2013Januar<\/strong><\/h3>\n\n<p class=\"wp-block-paragraph\">Die Radtour quer durch <strong>Australia<\/strong><br\/>ist abgeschlossen!<br\/>Ein gr\u00fcner Punkt auf der Karte und eine hei\u00dfe Geschichte mit Temperaturen \u00fcber 45 Grad und einsamen Abschnitten, die sowohl K\u00f6rper als auch Rad herausforderten.<br\/>Der Reisebericht ist in Arbeit und wird laufend im Blog aktualisiert \u2013 siehe hier:<a href=\"https:\/\/velonord.blog\/category\/sykkel-turer\/australia-sydney-perth\/\"> Australien<\/a>   <\/p>\n\n<p class=\"wp-block-paragraph\"><\/p>\n\n<h3 class=\"wp-block-heading\" id=\"75436a47-56f7-4bc3-b2bc-4806e7f6292f\">\u2705 <strong>M\u00e4rz<\/strong><\/h3>\n\n<p class=\"wp-block-paragraph\">Entdeckungsreise auf zwei R\u00e4dern durch <strong>Spanien und Portugal<\/strong>, \u2013 auf der Suche nach r\u00f6mischen Aqu\u00e4dukten und antiken Stra\u00dfen.<br\/>Die gesamte Tour wurde mit Kamera und GPS dokumentiert.<br\/>Der Reisebericht ist in Arbeit und erscheint bald im Blog.  <\/p>\n\n<h3 class=\"wp-block-heading\" id=\"b26d9949-0fe6-40d7-a116-04e6adfd7378\">\u2705 <strong>April:<\/strong><\/h3>\n\n<p class=\"wp-block-paragraph\">Radtour in <strong>Polen<\/strong> mit dem Ziel, \u00dcberreste alter deutscher Eisenbahnstrecken zu finden, die nach dem Zweiten Weltkrieg stillgelegt wurden.<br\/>Das Abenteuer ist abgeschlossen. Der Reisebericht ist in Arbeit und erscheint bald im Blog.  <\/p>\n\n<h3 class=\"wp-block-heading\" id=\"d2030c84-f3fc-4f6a-ac46-bad70b584327\">\ud83d\udd1c <strong>Juni<\/strong><\/h3>\n\n<p class=\"wp-block-paragraph\">Teilnahme am <strong>Styrkepr\u00f8ven<\/strong>, Norges mest kjente langdistansesykkelritt \u2013 over 500 km fra Trondheim til Oslo. En 6-ukers forberedelsesplan legges ut kontinuerlig p\u00e5 bloggen \u2013 f\u00f8lg med p\u00e5 treningsopplegg, ern\u00e6ringstips og mentale forberedelser frem mot rittet : \ud83d\udcaa <a href=\"https:\/\/velonord.blog\/de\/category\/memoiren\/der-weg-zur-styrkeproeven\/\">Trenings<\/a> <\/p>\n\n<h3 class=\"wp-block-heading\" id=\"fa7d6a1e-ea29-4620-936b-cc40e8d28af9\">\ud83e\udded <strong>Juli:<\/strong><\/h3>\n\n<p class=\"wp-block-paragraph\">Ich plane eine l\u00e4ngere Radtour in <strong>Skandinavien oder Europa <\/strong> \u2013 die Routenwahl ist noch offen.<br\/>Gerne her mit euren Vorschl\u00e4gen! <\/p>\n\n<h3 class=\"wp-block-heading\" id=\"88f7ebd9-9275-48fb-a78f-4a510775fc58\">\ud83d\udeb2 \ud83c\udfd4\ufe0f <strong>August:<\/strong><\/h3>\n\n<p class=\"wp-block-paragraph\">Teilnahme am <strong>Storuman Gravel<\/strong> ein 450 km langes Schotterrennen in Nordschweden.<br\/>Ein raues Abenteuer durch Wildnis und Gebirgsp\u00e4sse, bei dem sowohl Ausdauer als auch Ausr\u00fcstung auf die Probe gestellt werden. <\/p>\n\n<h3 class=\"wp-block-heading\" id=\"8a275827-be62-441a-b57a-195d37413fc2\"><strong>Settembre<\/strong><\/h3>\n\n<p class=\"wp-block-paragraph\">Ein ehrgeiziges Projekt: <strong>Neuseeland oder S\u00fcdamerika <\/strong> Jahr 2026 \u2013 die Planung ist im Gange.  <\/p>\n\n<h3 class=\"wp-block-heading\" id=\"03064cba-ff60-41b9-949b-698eca966ecd\">\u2744\ufe0f <strong>Inverno:<\/strong><\/h3>\n\n<p class=\"wp-block-paragraph\">Preparativi per un\u2019avventura in <strong>Nuova Zelanda o in Sud America<\/strong> nel 2026 \u2013 la pianificazione \u00e8 in corso.<\/p>\n\n<p class=\"wp-block-paragraph\"><\/p>\n\n<figure class=\"wp-block-image size-full\"><img data-recalc-dims=\"1\" loading=\"lazy\" decoding=\"async\" width=\"756\" height=\"756\" src=\"https:\/\/i0.wp.com\/velonord.blog\/wp-content\/uploads\/2025\/03\/img_4285-edited.jpeg?resize=756%2C756&#038;ssl=1\" alt=\"\" class=\"wp-image-106\"\/><\/figure>\n","protected":false},"excerpt":{"rendered":"<p>\ud83c\uddf3\ud83c\uddf4 Noe innhold er allerede tilgjengelig \u2013 mer kommer snart\ud83c\uddf5\ud83c\uddf1 Cz\u0119\u015b\u0107 tre\u015bci ju\u017c dost\u0119pna \u2013 wi\u0119cej wkr\u00f3tce\ud83c\uddea\ud83c\uddf8 Parte del contenido [&hellip;]<\/p>\n","protected":false},"author":94265162,"featured_media":0,"parent":0,"menu_order":0,"comment_status":"closed","ping_status":"closed","template":"","meta":{"_crdt_document":"","site-sidebar-layout":"default","site-content-layout":"","ast-site-content-layout":"default","site-content-style":"default","site-sidebar-style":"default","ast-global-header-display":"","ast-banner-title-visibility":"","ast-main-header-display":"","ast-hfb-above-header-display":"","ast-hfb-below-header-display":"","ast-hfb-mobile-header-display":"","site-post-title":"","ast-breadcrumbs-content":"","ast-featured-img":"","footer-sml-layout":"","ast-disable-related-posts":"","theme-transparent-header-meta":"","adv-header-id-meta":"","stick-header-meta":"","header-above-stick-meta":"","header-main-stick-meta":"","header-below-stick-meta":"","astra-migrate-meta-layouts":"default","ast-page-background-enabled":"default","ast-page-background-meta":{"desktop":{"background-color":"var(--ast-global-color-5)","background-image":"","background-repeat":"repeat","background-position":"center center","background-size":"auto","background-attachment":"scroll","background-type":"","background-media":"","overlay-type":"","overlay-color":"","overlay-opacity":"","overlay-gradient":""},"tablet":{"background-color":"","background-image":"","background-repeat":"repeat","background-position":"center center","background-size":"auto","background-attachment":"scroll","background-type":"","background-media":"","overlay-type":"","overlay-color":"","overlay-opacity":"","overlay-gradient":""},"mobile":{"background-color":"","background-image":"","background-repeat":"repeat","background-position":"center center","background-size":"auto","background-attachment":"scroll","background-type":"","background-media":"","overlay-type":"","overlay-color":"","overlay-opacity":"","overlay-gradient":""}},"ast-content-background-meta":{"desktop":{"background-color":"var(--ast-global-color-4)","background-image":"","background-repeat":"repeat","background-position":"center center","background-size":"auto","background-attachment":"scroll","background-type":"","background-media":"","overlay-type":"","overlay-color":"","overlay-opacity":"","overlay-gradient":""},"tablet":{"background-color":"var(--ast-global-color-4)","background-image":"","background-repeat":"repeat","background-position":"center center","background-size":"auto","background-attachment":"scroll","background-type":"","background-media":"","overlay-type":"","overlay-color":"","overlay-opacity":"","overlay-gradient":""},"mobile":{"background-color":"var(--ast-global-color-4)","background-image":"","background-repeat":"repeat","background-position":"center center","background-size":"auto","background-attachment":"scroll","background-type":"","background-media":"","overlay-type":"","overlay-color":"","overlay-opacity":"","overlay-gradient":""}},"advanced_seo_description":"","jetpack_seo_html_title":"","jetpack_seo_noindex":false,"footnotes":""},"class_list":["post-1182","page","type-page","status-publish","hentry"],"jetpack_likes_enabled":true,"jetpack_sharing_enabled":true,"jetpack_shortlink":"https:\/\/wp.me\/PgopLa-j4","jetpack-related-posts":[{"id":1799,"url":"https:\/\/velonord.blog\/de\/blog\/","url_meta":{"origin":1182,"position":0},"title":"Blog","author":"sykkelnord","date":"24. Mai 2025","format":false,"excerpt":"Blog Willkommen in dieser Sammlung von allem, was sich jeder Schublade entzieht \u2013 von Reiseberichten und pers\u00f6nlichen Reflexionen bis hin zu schr\u00e4gen Beobachtungen und Missgeschicken auf zwei R\u00e4dern. Hier \u00f6ffnet sich Ihr Tor zur Erkundung des gesamten Blogs. \ud83d\udc49 \ud83d\udcd3 Memoiren \ud83d\udc49 \ud83c\udf0d Radtouren","rel":"","context":"\u00c4hnlicher Beitrag","block_context":{"text":"\u00c4hnlicher Beitrag","link":""},"img":{"alt_text":"","src":"","width":0,"height":0},"classes":[]},{"id":1,"url":"https:\/\/velonord.blog\/om\/","url_meta":{"origin":1182,"position":1},"title":"Om","author":"sykkelnord","date":"3. M\u00e4rz 2025","format":false,"excerpt":"\ud83c\uddf3\ud83c\uddf4 Noe innhold er allerede tilgjengelig \u2013 mer kommer snart\ud83c\uddf5\ud83c\uddf1 Cz\u0119\u015b\u0107 tre\u015bci ju\u017c dost\u0119pna \u2013 wi\u0119cej wkr\u00f3tce\ud83c\uddea\ud83c\uddf8 Parte del contenido ya disponible \u2013 m\u00e1s muy pronto\ud83c\udde9\ud83c\uddea Erste Inhalte bereits verf\u00fcgbar \u2013 mehr folgt in K\u00fcrze\ud83c\uddeb\ud83c\uddf7 Du contenu est d\u00e9j\u00e0 disponible \u2013 d\u2019autres arrivent bient\u00f4t\ud83c\uddee\ud83c\uddf9 Alcuni contenuti sono gi\u00e0 disponibili \u2013\u2026","rel":"","context":"\u00c4hnlicher Beitrag","block_context":{"text":"\u00c4hnlicher Beitrag","link":""},"img":{"alt_text":"","src":"https:\/\/i0.wp.com\/velonord.blog\/wp-content\/uploads\/2025\/03\/img_4285-edited.jpeg?resize=350%2C200&ssl=1","width":350,"height":200,"srcset":"https:\/\/i0.wp.com\/velonord.blog\/wp-content\/uploads\/2025\/03\/img_4285-edited.jpeg?resize=350%2C200&ssl=1 1x, https:\/\/i0.wp.com\/velonord.blog\/wp-content\/uploads\/2025\/03\/img_4285-edited.jpeg?resize=525%2C300&ssl=1 1.5x, https:\/\/i0.wp.com\/velonord.blog\/wp-content\/uploads\/2025\/03\/img_4285-edited.jpeg?resize=700%2C400&ssl=1 2x"},"classes":[]},{"id":1179,"url":"https:\/\/velonord.blog\/fr\/a-propos\/","url_meta":{"origin":1182,"position":2},"title":"\u00c0 propos","author":"sykkelnord","date":"3. M\u00e4rz 2025","format":false,"excerpt":"\ud83c\uddf3\ud83c\uddf4 Noe innhold er allerede tilgjengelig \u2013 mer kommer snart\ud83c\uddf5\ud83c\uddf1 Cz\u0119\u015b\u0107 tre\u015bci ju\u017c dost\u0119pna \u2013 wi\u0119cej wkr\u00f3tce\ud83c\uddea\ud83c\uddf8 Parte del contenido ya disponible \u2013 m\u00e1s muy pronto\ud83c\udde9\ud83c\uddea Erste Inhalte bereits verf\u00fcgbar \u2013 mehr folgt in K\u00fcrze\ud83c\uddeb\ud83c\uddf7 Du contenu est d\u00e9j\u00e0 disponible \u2013 d\u2019autres arrivent bient\u00f4t\ud83c\uddee\ud83c\uddf9 Alcuni contenuti sono gi\u00e0 disponibili \u2013\u2026","rel":"","context":"\u00c4hnlicher Beitrag","block_context":{"text":"\u00c4hnlicher Beitrag","link":""},"img":{"alt_text":"","src":"https:\/\/i0.wp.com\/velonord.blog\/wp-content\/uploads\/2025\/03\/img_4285-edited.jpeg?resize=350%2C200&ssl=1","width":350,"height":200,"srcset":"https:\/\/i0.wp.com\/velonord.blog\/wp-content\/uploads\/2025\/03\/img_4285-edited.jpeg?resize=350%2C200&ssl=1 1x, https:\/\/i0.wp.com\/velonord.blog\/wp-content\/uploads\/2025\/03\/img_4285-edited.jpeg?resize=525%2C300&ssl=1 1.5x, https:\/\/i0.wp.com\/velonord.blog\/wp-content\/uploads\/2025\/03\/img_4285-edited.jpeg?resize=700%2C400&ssl=1 2x"},"classes":[]},{"id":138,"url":"https:\/\/velonord.blog\/omtaler\/","url_meta":{"origin":1182,"position":3},"title":"Omtaler","author":"sykkelnord","date":"5. M\u00e4rz 2025","format":false,"excerpt":"Omtaler Her finner du vurderinger og erfaringer med alt jeg har testet \u2013 fra sykler og datamaskiner til hansker og sm\u00e5ting du egentlig ikke trenger (men kanskje vil ha likevel). \ud83d\udc49 \ud83d\udeb4 Sykler \ud83d\udc49 \ud83d\udd27 Utstyr \ud83d\udc49 \ud83d\udcdf Sykkelcomputere og elektronikk \ud83d\udc49 \ud83e\udde4 Tilbeh\u00f8r","rel":"","context":"\u00c4hnlicher Beitrag","block_context":{"text":"\u00c4hnlicher Beitrag","link":""},"img":{"alt_text":"","src":"","width":0,"height":0},"classes":[]},{"id":1174,"url":"https:\/\/velonord.blog\/en\/about\/","url_meta":{"origin":1182,"position":4},"title":"About","author":"sykkelnord","date":"3. M\u00e4rz 2025","format":false,"excerpt":"\ud83c\uddf3\ud83c\uddf4 Noe innhold er allerede tilgjengelig \u2013 mer kommer snart\ud83c\uddf5\ud83c\uddf1 Cz\u0119\u015b\u0107 tre\u015bci ju\u017c dost\u0119pna \u2013 wi\u0119cej wkr\u00f3tce\ud83c\uddea\ud83c\uddf8 Parte del contenido ya disponible \u2013 m\u00e1s muy pronto\ud83c\udde9\ud83c\uddea Erste Inhalte bereits verf\u00fcgbar \u2013 mehr folgt in K\u00fcrze\ud83c\uddeb\ud83c\uddf7 Du contenu est d\u00e9j\u00e0 disponible \u2013 d\u2019autres arrivent bient\u00f4t\ud83c\uddee\ud83c\uddf9 Alcuni contenuti sono gi\u00e0 disponibili \u2013\u2026","rel":"","context":"\u00c4hnlicher Beitrag","block_context":{"text":"\u00c4hnlicher Beitrag","link":""},"img":{"alt_text":"","src":"https:\/\/i0.wp.com\/velonord.blog\/wp-content\/uploads\/2025\/03\/img_4285-edited.jpeg?resize=350%2C200&ssl=1","width":350,"height":200,"srcset":"https:\/\/i0.wp.com\/velonord.blog\/wp-content\/uploads\/2025\/03\/img_4285-edited.jpeg?resize=350%2C200&ssl=1 1x, https:\/\/i0.wp.com\/velonord.blog\/wp-content\/uploads\/2025\/03\/img_4285-edited.jpeg?resize=525%2C300&ssl=1 1.5x, https:\/\/i0.wp.com\/velonord.blog\/wp-content\/uploads\/2025\/03\/img_4285-edited.jpeg?resize=700%2C400&ssl=1 2x"},"classes":[]},{"id":1197,"url":"https:\/\/velonord.blog\/es\/sobre\/","url_meta":{"origin":1182,"position":5},"title":"Sobre","author":"sykkelnord","date":"3. M\u00e4rz 2025","format":false,"excerpt":"\ud83c\uddf3\ud83c\uddf4 Noe innhold er allerede tilgjengelig \u2013 mer kommer snart\ud83c\uddf5\ud83c\uddf1 Cz\u0119\u015b\u0107 tre\u015bci ju\u017c dost\u0119pna \u2013 wi\u0119cej wkr\u00f3tce\ud83c\uddea\ud83c\uddf8 Parte del contenido ya disponible \u2013 m\u00e1s muy pronto\ud83c\udde9\ud83c\uddea Erste Inhalte bereits verf\u00fcgbar \u2013 mehr folgt in K\u00fcrze\ud83c\uddeb\ud83c\uddf7 Du contenu est d\u00e9j\u00e0 disponible \u2013 d\u2019autres arrivent bient\u00f4t\ud83c\uddee\ud83c\uddf9 Alcuni contenuti sono gi\u00e0 disponibili \u2013\u2026","rel":"","context":"\u00c4hnlicher Beitrag","block_context":{"text":"\u00c4hnlicher Beitrag","link":""},"img":{"alt_text":"","src":"https:\/\/i0.wp.com\/velonord.blog\/wp-content\/uploads\/2025\/03\/img_4285-edited.jpeg?resize=350%2C200&ssl=1","width":350,"height":200,"srcset":"https:\/\/i0.wp.com\/velonord.blog\/wp-content\/uploads\/2025\/03\/img_4285-edited.jpeg?resize=350%2C200&ssl=1 1x, https:\/\/i0.wp.com\/velonord.blog\/wp-content\/uploads\/2025\/03\/img_4285-edited.jpeg?resize=525%2C300&ssl=1 1.5x, https:\/\/i0.wp.com\/velonord.blog\/wp-content\/uploads\/2025\/03\/img_4285-edited.jpeg?resize=700%2C400&ssl=1 2x"},"classes":[]}],"_links":{"self":[{"href":"https:\/\/velonord.blog\/de\/wp-json\/wp\/v2\/pages\/1182","targetHints":{"allow":["GET"]}}],"collection":[{"href":"https:\/\/velonord.blog\/de\/wp-json\/wp\/v2\/pages"}],"about":[{"href":"https:\/\/velonord.blog\/de\/wp-json\/wp\/v2\/types\/page"}],"author":[{"embeddable":true,"href":"https:\/\/velonord.blog\/de\/wp-json\/wp\/v2\/users\/94265162"}],"replies":[{"embeddable":true,"href":"https:\/\/velonord.blog\/de\/wp-json\/wp\/v2\/comments?post=1182"}],"version-history":[{"count":9,"href":"https:\/\/velonord.blog\/de\/wp-json\/wp\/v2\/pages\/1182\/revisions"}],"predecessor-version":[{"id":1755,"href":"https:\/\/velonord.blog\/de\/wp-json\/wp\/v2\/pages\/1182\/revisions\/1755"}],"wp:attachment":[{"href":"https:\/\/velonord.blog\/de\/wp-json\/wp\/v2\/media?parent=1182"}],"curies":[{"name":"wp","href":"https:\/\/api.w.org\/{rel}","templated":true}]}}