{"id":1179,"date":"2025-03-03T21:21:10","date_gmt":"2025-03-03T20:21:10","guid":{"rendered":"https:\/\/velonord.blog\/a-propos\/"},"modified":"2025-05-16T14:35:08","modified_gmt":"2025-05-16T12:35:08","slug":"a-propos","status":"publish","type":"page","link":"https:\/\/velonord.blog\/fr\/","title":{"rendered":"\u00c0 propos"},"content":{"rendered":"\n<p class=\"wp-block-paragraph\">\ud83c\uddf3\ud83c\uddf4 Noe innhold er allerede tilgjengelig \u2013 mer kommer snart<br\/>\ud83c\uddf5\ud83c\uddf1 Cz\u0119\u015b\u0107 tre\u015bci ju\u017c dost\u0119pna \u2013 wi\u0119cej wkr\u00f3tce<br\/>\ud83c\uddea\ud83c\uddf8 Parte del contenido ya disponible \u2013 m\u00e1s muy pronto<br\/>\ud83c\udde9\ud83c\uddea Erste Inhalte bereits verf\u00fcgbar \u2013 mehr folgt in K\u00fcrze<br\/>\ud83c\uddeb\ud83c\uddf7 Du contenu est d\u00e9j\u00e0 disponible \u2013 d\u2019autres arrivent bient\u00f4t<br\/>\ud83c\uddee\ud83c\uddf9 Alcuni contenuti sono gi\u00e0 disponibili \u2013 altri in arrivo<\/p>\n\n<p class=\"wp-block-paragraph\"><strong>Bienvenue sur VeloNord \u2013 je partage des r\u00e9cits de voyage, du mat\u00e9riel test\u00e9, et la joie (et la douleur) de rouler sur de longues distances.<\/strong><\/p>\n\n<p class=\"wp-block-paragraph\">Tu aimes les longues sorties \u00e0 v\u00e9lo, explorer de nouveaux endroits et tester du nouveau mat\u00e9riel ? Alors tu es au bon endroit !<br\/>Sur ce blog, je partage mes exp\u00e9riences de voyages \u00e0 v\u00e9lo sur de longues distances, en Norv\u00e8ge et \u00e0 l\u2019\u00e9tranger.<br\/>Tu y trouveras des r\u00e9cits de voyage, des conseils pratiques, des tests d\u2019\u00e9quipement et de l\u2019inspiration pour ta prochaine aventure sur deux roues.   <\/p>\n\n<p class=\"wp-block-paragraph\">Que tu sois un cycliste longue distance exp\u00e9riment\u00e9 ou un d\u00e9butant r\u00eavant de sa premi\u00e8re aventure, j\u2019esp\u00e8re que tu trouveras ici des conseils utiles et de l\u2019inspiration.<br\/>Bienvenue \u2013 suis-moi dans ce voyage ! \ud83d\udeb4\u200d\u2642\ufe0f\ud83c\udf0d  <\/p>\n\n<hr class=\"wp-block-separator has-alpha-channel-opacity\"\/>\n\n<h3 class=\"wp-block-heading\">\u270d\ufe0f <strong>Projets et plans pour 2025<\/strong><\/h3>\n\n<h3 class=\"wp-block-heading\" id=\"2fa8f95a-1566-4cb1-b912-1c9bf8af5af2\">\u2705<strong> D\u00e9cembre\u2013Janvier<\/strong><\/h3>\n\n<p class=\"wp-block-paragraph\">La travers\u00e9e de l\u2019 <strong>Australie<\/strong> \u00e0 v\u00e9lo est termin\u00e9e !<br\/>Un point vert sur la carte et une histoire br\u00fblante, avec des temp\u00e9ratures d\u00e9passant les 45\u202f\u00b0C et des tron\u00e7ons isol\u00e9s qui ont mis \u00e0 l\u2019\u00e9preuve le corps et le v\u00e9lo.<br\/>Le reportage est en cours de r\u00e9daction et sera mis \u00e0 jour sur le blog \u2013 \u00e0 d\u00e9couvrir ici : Australie <a href=\"https:\/\/velonord.blog\/category\/sykkel-turer\/australia-sydney-perth\/\">Australia <\/a>   <\/p>\n\n<p class=\"wp-block-paragraph\"><\/p>\n\n<h3 class=\"wp-block-heading\" id=\"75436a47-56f7-4bc3-b2bc-4806e7f6292f\">\u2705 <strong>Mars<\/strong><\/h3>\n\n<p class=\"wp-block-paragraph\">Un voyage de d\u00e9couverte \u00e0 deux roues \u00e0 travers l<strong>\u2019Espagne et le Portugal,<\/strong> , \u00e0 la recherche d\u2019aqueducs romains et d\u2019anciennes routes.<br\/>Le tout document\u00e9 par cam\u00e9ra et GPS.<br\/>Le r\u00e9cit est en cours de r\u00e9daction et sera bient\u00f4t publi\u00e9 sur le blog.  <\/p>\n\n<h3 class=\"wp-block-heading\" id=\"b26d9949-0fe6-40d7-a116-04e6adfd7378\">\u2705 <strong>Avril:<\/strong><\/h3>\n\n<p class=\"wp-block-paragraph\">Voyage \u00e0 v\u00e9lo en <strong>Pologne <\/strong> \u00e0 la recherche de vestiges d\u2019anciennes voies ferr\u00e9es allemandes abandonn\u00e9es apr\u00e8s la Seconde Guerre mondiale.<br\/>L\u2019aventure est termin\u00e9e. Le r\u00e9cit est en cours de r\u00e9daction et sera bient\u00f4t publi\u00e9 sur le blog.  <\/p>\n\n<h3 class=\"wp-block-heading\" id=\"d2030c84-f3fc-4f6a-ac46-bad70b584327\">\ud83d\udd1c<strong>Juin<\/strong><\/h3>\n\n<p class=\"wp-block-paragraph\">Participation \u00e0 la <strong>Styrkepr\u00f8ven<\/strong>, la course cycliste de longue distance la plus c\u00e9l\u00e8bre de Norv\u00e8ge \u2013 plus de 500 km entre Trondheim et Oslo.<br\/>Un programme de pr\u00e9paration de 6 semaines est publi\u00e9 r\u00e9guli\u00e8rement sur le blog \u2013 suivez les plans d&rsquo;entra\u00eenement, les conseils nutritionnels et la pr\u00e9paration mentale jusqu\u2019au jour J : \ud83d\udcaa <a href=\"https:\/\/velonord.blog\/category\/memoarer\/veien-til-styrkeproven\/\">Entra\u00eenement<\/a> <\/p>\n\n<h3 class=\"wp-block-heading\" id=\"fa7d6a1e-ea29-4620-936b-cc40e8d28af9\">\ud83e\udded <strong>Juillet<\/strong><\/h3>\n\n<p class=\"wp-block-paragraph\">Je pr\u00e9pare un long voyage \u00e0 v\u00e9lo en <strong>Scandinavie ou en Europe<\/strong> \u2013 l\u2019itin\u00e9raire est en cours de planification.<br\/>N\u2019h\u00e9sitez pas \u00e0 proposer vos id\u00e9es ! <\/p>\n\n<h3 class=\"wp-block-heading\" id=\"88f7ebd9-9275-48fb-a78f-4a510775fc58\">\ud83d\udeb2 \ud83c\udfd4\ufe0f <strong>Ao\u00fbt :<\/strong><\/h3>\n\n<p class=\"wp-block-paragraph\">Participation \u00e0 la <strong>Storuman Gravel<\/strong> une course gravel de 450 km dans le nord de la Su\u00e8de.<br\/>Une aventure sauvage \u00e0 travers la nature et les cols montagneux, o\u00f9 l\u2019endurance et le mat\u00e9riel sont mis \u00e0 rude \u00e9preuve. <\/p>\n\n<h3 class=\"wp-block-heading\" id=\"8a275827-be62-441a-b57a-195d37413fc2\">\ud83c\udf0d <strong>Septembre <\/strong><\/h3>\n\n<p class=\"wp-block-paragraph\">Projet ambitieux : <strong>travers\u00e9e des \u00c9tats-Unis \u00e0 v\u00e9lo d\u2019est en ouest<\/strong>, avec quelques portions de la Route 66.<br\/>Jusqu\u2019o\u00f9 exactement ? On le d\u00e9couvrira en chemin.  <\/p>\n\n<h3 class=\"wp-block-heading\" id=\"03064cba-ff60-41b9-949b-698eca966ecd\">\u2744\ufe0f <strong>Hiver <\/strong><\/h3>\n\n<p class=\"wp-block-paragraph\">Pr\u00e9paratifs pour une aventure en <strong>Nouvelle-Z\u00e9lande ou en Am\u00e9rique du Sud<\/strong> en 2026 \u2013 la planification est en cours.<\/p>\n\n<p class=\"wp-block-paragraph\"><\/p>\n\n<figure class=\"wp-block-image size-full\"><img data-recalc-dims=\"1\" loading=\"lazy\" decoding=\"async\" width=\"756\" height=\"756\" src=\"https:\/\/i0.wp.com\/velonord.blog\/wp-content\/uploads\/2025\/03\/img_4285-edited.jpeg?resize=756%2C756&#038;ssl=1\" alt=\"\" class=\"wp-image-106\"\/><\/figure>\n","protected":false},"excerpt":{"rendered":"<p>\ud83c\uddf3\ud83c\uddf4 Noe innhold er allerede tilgjengelig \u2013 mer kommer snart\ud83c\uddf5\ud83c\uddf1 Cz\u0119\u015b\u0107 tre\u015bci ju\u017c dost\u0119pna \u2013 wi\u0119cej wkr\u00f3tce\ud83c\uddea\ud83c\uddf8 Parte del contenido [&hellip;]<\/p>\n","protected":false},"author":94265162,"featured_media":0,"parent":0,"menu_order":0,"comment_status":"closed","ping_status":"closed","template":"","meta":{"_crdt_document":"","site-sidebar-layout":"default","site-content-layout":"","ast-site-content-layout":"default","site-content-style":"default","site-sidebar-style":"default","ast-global-header-display":"","ast-banner-title-visibility":"","ast-main-header-display":"","ast-hfb-above-header-display":"","ast-hfb-below-header-display":"","ast-hfb-mobile-header-display":"","site-post-title":"","ast-breadcrumbs-content":"","ast-featured-img":"","footer-sml-layout":"","ast-disable-related-posts":"","theme-transparent-header-meta":"","adv-header-id-meta":"","stick-header-meta":"","header-above-stick-meta":"","header-main-stick-meta":"","header-below-stick-meta":"","astra-migrate-meta-layouts":"default","ast-page-background-enabled":"default","ast-page-background-meta":{"desktop":{"background-color":"var(--ast-global-color-5)","background-image":"","background-repeat":"repeat","background-position":"center center","background-size":"auto","background-attachment":"scroll","background-type":"","background-media":"","overlay-type":"","overlay-color":"","overlay-opacity":"","overlay-gradient":""},"tablet":{"background-color":"","background-image":"","background-repeat":"repeat","background-position":"center center","background-size":"auto","background-attachment":"scroll","background-type":"","background-media":"","overlay-type":"","overlay-color":"","overlay-opacity":"","overlay-gradient":""},"mobile":{"background-color":"","background-image":"","background-repeat":"repeat","background-position":"center center","background-size":"auto","background-attachment":"scroll","background-type":"","background-media":"","overlay-type":"","overlay-color":"","overlay-opacity":"","overlay-gradient":""}},"ast-content-background-meta":{"desktop":{"background-color":"var(--ast-global-color-4)","background-image":"","background-repeat":"repeat","background-position":"center center","background-size":"auto","background-attachment":"scroll","background-type":"","background-media":"","overlay-type":"","overlay-color":"","overlay-opacity":"","overlay-gradient":""},"tablet":{"background-color":"var(--ast-global-color-4)","background-image":"","background-repeat":"repeat","background-position":"center center","background-size":"auto","background-attachment":"scroll","background-type":"","background-media":"","overlay-type":"","overlay-color":"","overlay-opacity":"","overlay-gradient":""},"mobile":{"background-color":"var(--ast-global-color-4)","background-image":"","background-repeat":"repeat","background-position":"center center","background-size":"auto","background-attachment":"scroll","background-type":"","background-media":"","overlay-type":"","overlay-color":"","overlay-opacity":"","overlay-gradient":""}},"advanced_seo_description":"","jetpack_seo_html_title":"","jetpack_seo_noindex":false,"footnotes":""},"class_list":["post-1179","page","type-page","status-publish","hentry"],"jetpack_likes_enabled":true,"jetpack_sharing_enabled":true,"jetpack_shortlink":"https:\/\/wp.me\/PgopLa-j1","jetpack-related-posts":[{"id":1797,"url":"https:\/\/velonord.blog\/fr\/blog\/","url_meta":{"origin":1179,"position":0},"title":"Blog","author":"sykkelnord","date":"24 mai 2025","format":false,"excerpt":"Blog Bienvenue dans cet espace o\u00f9 se rassemble tout ce qui \u00e9chappe aux classifications habituelles \u2013 des chroniques de voyage et r\u00e9flexions personnelles aux regards insolites et m\u00e9saventures \u00e0 deux roues. Voici votre porte d'entr\u00e9e pour explorer l'int\u00e9gralit\u00e9 du blog. \ud83d\udc49 \ud83d\udcd3 M\u00e9moires \ud83d\udc49 \ud83c\udf0d Tours \u00e0 v\u00e9lo","rel":"","context":"Article similaire","block_context":{"text":"Article similaire","link":""},"img":{"alt_text":"","src":"","width":0,"height":0},"classes":[]},{"id":1182,"url":"https:\/\/velonord.blog\/de\/chi-sono\/","url_meta":{"origin":1179,"position":1},"title":"\u00dcber","author":"sykkelnord","date":"3 mars 2025","format":false,"excerpt":"\ud83c\uddf3\ud83c\uddf4 Noe innhold er allerede tilgjengelig \u2013 mer kommer snart\ud83c\uddf5\ud83c\uddf1 Cz\u0119\u015b\u0107 tre\u015bci ju\u017c dost\u0119pna \u2013 wi\u0119cej wkr\u00f3tce\ud83c\uddea\ud83c\uddf8 Parte del contenido ya disponible \u2013 m\u00e1s muy pronto\ud83c\udde9\ud83c\uddea Erste Inhalte bereits verf\u00fcgbar \u2013 mehr folgt in K\u00fcrze\ud83c\uddeb\ud83c\uddf7 Du contenu est d\u00e9j\u00e0 disponible \u2013 d\u2019autres arrivent bient\u00f4t\ud83c\uddee\ud83c\uddf9 Alcuni contenuti sono gi\u00e0 disponibili \u2013\u2026","rel":"","context":"Article similaire","block_context":{"text":"Article similaire","link":""},"img":{"alt_text":"","src":"https:\/\/i0.wp.com\/velonord.blog\/wp-content\/uploads\/2025\/03\/img_4285-edited.jpeg?resize=350%2C200&ssl=1","width":350,"height":200,"srcset":"https:\/\/i0.wp.com\/velonord.blog\/wp-content\/uploads\/2025\/03\/img_4285-edited.jpeg?resize=350%2C200&ssl=1 1x, https:\/\/i0.wp.com\/velonord.blog\/wp-content\/uploads\/2025\/03\/img_4285-edited.jpeg?resize=525%2C300&ssl=1 1.5x, https:\/\/i0.wp.com\/velonord.blog\/wp-content\/uploads\/2025\/03\/img_4285-edited.jpeg?resize=700%2C400&ssl=1 2x"},"classes":[]},{"id":1,"url":"https:\/\/velonord.blog\/om\/","url_meta":{"origin":1179,"position":2},"title":"Om","author":"sykkelnord","date":"3 mars 2025","format":false,"excerpt":"\ud83c\uddf3\ud83c\uddf4 Noe innhold er allerede tilgjengelig \u2013 mer kommer snart\ud83c\uddf5\ud83c\uddf1 Cz\u0119\u015b\u0107 tre\u015bci ju\u017c dost\u0119pna \u2013 wi\u0119cej wkr\u00f3tce\ud83c\uddea\ud83c\uddf8 Parte del contenido ya disponible \u2013 m\u00e1s muy pronto\ud83c\udde9\ud83c\uddea Erste Inhalte bereits verf\u00fcgbar \u2013 mehr folgt in K\u00fcrze\ud83c\uddeb\ud83c\uddf7 Du contenu est d\u00e9j\u00e0 disponible \u2013 d\u2019autres arrivent bient\u00f4t\ud83c\uddee\ud83c\uddf9 Alcuni contenuti sono gi\u00e0 disponibili \u2013\u2026","rel":"","context":"Article similaire","block_context":{"text":"Article similaire","link":""},"img":{"alt_text":"","src":"https:\/\/i0.wp.com\/velonord.blog\/wp-content\/uploads\/2025\/03\/img_4285-edited.jpeg?resize=350%2C200&ssl=1","width":350,"height":200,"srcset":"https:\/\/i0.wp.com\/velonord.blog\/wp-content\/uploads\/2025\/03\/img_4285-edited.jpeg?resize=350%2C200&ssl=1 1x, https:\/\/i0.wp.com\/velonord.blog\/wp-content\/uploads\/2025\/03\/img_4285-edited.jpeg?resize=525%2C300&ssl=1 1.5x, https:\/\/i0.wp.com\/velonord.blog\/wp-content\/uploads\/2025\/03\/img_4285-edited.jpeg?resize=700%2C400&ssl=1 2x"},"classes":[]},{"id":1192,"url":"https:\/\/velonord.blog\/pl\/o-mnie\/","url_meta":{"origin":1179,"position":3},"title":"O mnie","author":"sykkelnord","date":"3 mars 2025","format":false,"excerpt":"\ud83c\uddf3\ud83c\uddf4 Noe innhold er allerede tilgjengelig \u2013 mer kommer snart\ud83c\uddf5\ud83c\uddf1 Cz\u0119\u015b\u0107 tre\u015bci ju\u017c dost\u0119pna \u2013 wi\u0119cej wkr\u00f3tce\ud83c\uddea\ud83c\uddf8 Parte del contenido ya disponible \u2013 m\u00e1s muy pronto\ud83c\udde9\ud83c\uddea Erste Inhalte bereits verf\u00fcgbar \u2013 mehr folgt in K\u00fcrze\ud83c\uddeb\ud83c\uddf7 Du contenu est d\u00e9j\u00e0 disponible \u2013 d\u2019autres arrivent bient\u00f4t\ud83c\uddee\ud83c\uddf9 Alcuni contenuti sono gi\u00e0 disponibili \u2013\u2026","rel":"","context":"Article similaire","block_context":{"text":"Article similaire","link":""},"img":{"alt_text":"","src":"https:\/\/i0.wp.com\/velonord.blog\/wp-content\/uploads\/2025\/03\/img_4285-edited.jpeg?resize=350%2C200&ssl=1","width":350,"height":200,"srcset":"https:\/\/i0.wp.com\/velonord.blog\/wp-content\/uploads\/2025\/03\/img_4285-edited.jpeg?resize=350%2C200&ssl=1 1x, https:\/\/i0.wp.com\/velonord.blog\/wp-content\/uploads\/2025\/03\/img_4285-edited.jpeg?resize=525%2C300&ssl=1 1.5x, https:\/\/i0.wp.com\/velonord.blog\/wp-content\/uploads\/2025\/03\/img_4285-edited.jpeg?resize=700%2C400&ssl=1 2x"},"classes":[]},{"id":1197,"url":"https:\/\/velonord.blog\/es\/sobre\/","url_meta":{"origin":1179,"position":4},"title":"Sobre","author":"sykkelnord","date":"3 mars 2025","format":false,"excerpt":"\ud83c\uddf3\ud83c\uddf4 Noe innhold er allerede tilgjengelig \u2013 mer kommer snart\ud83c\uddf5\ud83c\uddf1 Cz\u0119\u015b\u0107 tre\u015bci ju\u017c dost\u0119pna \u2013 wi\u0119cej wkr\u00f3tce\ud83c\uddea\ud83c\uddf8 Parte del contenido ya disponible \u2013 m\u00e1s muy pronto\ud83c\udde9\ud83c\uddea Erste Inhalte bereits verf\u00fcgbar \u2013 mehr folgt in K\u00fcrze\ud83c\uddeb\ud83c\uddf7 Du contenu est d\u00e9j\u00e0 disponible \u2013 d\u2019autres arrivent bient\u00f4t\ud83c\uddee\ud83c\uddf9 Alcuni contenuti sono gi\u00e0 disponibili \u2013\u2026","rel":"","context":"Article similaire","block_context":{"text":"Article similaire","link":""},"img":{"alt_text":"","src":"https:\/\/i0.wp.com\/velonord.blog\/wp-content\/uploads\/2025\/03\/img_4285-edited.jpeg?resize=350%2C200&ssl=1","width":350,"height":200,"srcset":"https:\/\/i0.wp.com\/velonord.blog\/wp-content\/uploads\/2025\/03\/img_4285-edited.jpeg?resize=350%2C200&ssl=1 1x, https:\/\/i0.wp.com\/velonord.blog\/wp-content\/uploads\/2025\/03\/img_4285-edited.jpeg?resize=525%2C300&ssl=1 1.5x, https:\/\/i0.wp.com\/velonord.blog\/wp-content\/uploads\/2025\/03\/img_4285-edited.jpeg?resize=700%2C400&ssl=1 2x"},"classes":[]},{"id":1185,"url":"https:\/\/velonord.blog\/it\/chi-sono\/","url_meta":{"origin":1179,"position":5},"title":"Chi sono","author":"sykkelnord","date":"3 mars 2025","format":false,"excerpt":"\ud83c\uddf3\ud83c\uddf4 Noe innhold er allerede tilgjengelig \u2013 mer kommer snart\ud83c\uddf5\ud83c\uddf1 Cz\u0119\u015b\u0107 tre\u015bci ju\u017c dost\u0119pna \u2013 wi\u0119cej wkr\u00f3tce\ud83c\uddea\ud83c\uddf8 Parte del contenido ya disponible \u2013 m\u00e1s muy pronto\ud83c\udde9\ud83c\uddea Erste Inhalte bereits verf\u00fcgbar \u2013 mehr folgt in K\u00fcrze\ud83c\uddeb\ud83c\uddf7 Du contenu est d\u00e9j\u00e0 disponible \u2013 d\u2019autres arrivent bient\u00f4t\ud83c\uddee\ud83c\uddf9 Alcuni contenuti sono gi\u00e0 disponibili \u2013\u2026","rel":"","context":"Article similaire","block_context":{"text":"Article similaire","link":""},"img":{"alt_text":"","src":"https:\/\/i0.wp.com\/velonord.blog\/wp-content\/uploads\/2025\/03\/img_4285-edited.jpeg?resize=350%2C200&ssl=1","width":350,"height":200,"srcset":"https:\/\/i0.wp.com\/velonord.blog\/wp-content\/uploads\/2025\/03\/img_4285-edited.jpeg?resize=350%2C200&ssl=1 1x, https:\/\/i0.wp.com\/velonord.blog\/wp-content\/uploads\/2025\/03\/img_4285-edited.jpeg?resize=525%2C300&ssl=1 1.5x, https:\/\/i0.wp.com\/velonord.blog\/wp-content\/uploads\/2025\/03\/img_4285-edited.jpeg?resize=700%2C400&ssl=1 2x"},"classes":[]}],"_links":{"self":[{"href":"https:\/\/velonord.blog\/fr\/wp-json\/wp\/v2\/pages\/1179","targetHints":{"allow":["GET"]}}],"collection":[{"href":"https:\/\/velonord.blog\/fr\/wp-json\/wp\/v2\/pages"}],"about":[{"href":"https:\/\/velonord.blog\/fr\/wp-json\/wp\/v2\/types\/page"}],"author":[{"embeddable":true,"href":"https:\/\/velonord.blog\/fr\/wp-json\/wp\/v2\/users\/94265162"}],"replies":[{"embeddable":true,"href":"https:\/\/velonord.blog\/fr\/wp-json\/wp\/v2\/comments?post=1179"}],"version-history":[{"count":1,"href":"https:\/\/velonord.blog\/fr\/wp-json\/wp\/v2\/pages\/1179\/revisions"}],"predecessor-version":[{"id":1181,"href":"https:\/\/velonord.blog\/fr\/wp-json\/wp\/v2\/pages\/1179\/revisions\/1181"}],"wp:attachment":[{"href":"https:\/\/velonord.blog\/fr\/wp-json\/wp\/v2\/media?parent=1179"}],"curies":[{"name":"wp","href":"https:\/\/api.w.org\/{rel}","templated":true}]}}