{"id":1766,"date":"2025-05-24T09:21:39","date_gmt":"2025-05-24T07:21:39","guid":{"rendered":"https:\/\/velonord.blog\/cyclotourisme\/"},"modified":"2025-10-15T22:34:30","modified_gmt":"2025-10-15T20:34:30","slug":"cyclotourisme","status":"publish","type":"page","link":"https:\/\/velonord.blog\/fr\/cyclotourisme\/","title":{"rendered":"Cyclotourisme"},"content":{"rendered":"\n<p class=\"wp-block-paragraph\">\ud83d\udc49 <a href=\"https:\/\/velonord.blog\/fr\/category\/randonnees-a-velo\/de-porto-a-la-pologne\/\">Porto-Pologne<\/a><\/p>\n\n<p class=\"wp-block-paragraph\"><a href=\"https:\/\/velonord.blog\/fr\/category\/randonnees-a-velo\/australia-sydney-perth-fr\/\">\ud83d\udc49 Australie : Sydney-Perth<\/a><\/p>\n\n<p class=\"wp-block-paragraph\"><\/p>\n","protected":false},"excerpt":{"rendered":"<p>\ud83d\udc49 Porto-Pologne \ud83d\udc49 Australie : Sydney-Perth<\/p>\n","protected":false},"author":94265162,"featured_media":0,"parent":0,"menu_order":0,"comment_status":"closed","ping_status":"closed","template":"","meta":{"_crdt_document":"","site-sidebar-layout":"default","site-content-layout":"","ast-site-content-layout":"default","site-content-style":"default","site-sidebar-style":"default","ast-global-header-display":"","ast-banner-title-visibility":"","ast-main-header-display":"","ast-hfb-above-header-display":"","ast-hfb-below-header-display":"","ast-hfb-mobile-header-display":"","site-post-title":"","ast-breadcrumbs-content":"","ast-featured-img":"","footer-sml-layout":"","ast-disable-related-posts":"","theme-transparent-header-meta":"","adv-header-id-meta":"","stick-header-meta":"","header-above-stick-meta":"","header-main-stick-meta":"","header-below-stick-meta":"","astra-migrate-meta-layouts":"default","ast-page-background-enabled":"default","ast-page-background-meta":{"desktop":{"background-color":"var(--ast-global-color-5)","background-image":"","background-repeat":"repeat","background-position":"center center","background-size":"auto","background-attachment":"scroll","background-type":"","background-media":"","overlay-type":"","overlay-color":"","overlay-opacity":"","overlay-gradient":""},"tablet":{"background-color":"","background-image":"","background-repeat":"repeat","background-position":"center center","background-size":"auto","background-attachment":"scroll","background-type":"","background-media":"","overlay-type":"","overlay-color":"","overlay-opacity":"","overlay-gradient":""},"mobile":{"background-color":"","background-image":"","background-repeat":"repeat","background-position":"center center","background-size":"auto","background-attachment":"scroll","background-type":"","background-media":"","overlay-type":"","overlay-color":"","overlay-opacity":"","overlay-gradient":""}},"ast-content-background-meta":{"desktop":{"background-color":"var(--ast-global-color-4)","background-image":"","background-repeat":"repeat","background-position":"center center","background-size":"auto","background-attachment":"scroll","background-type":"","background-media":"","overlay-type":"","overlay-color":"","overlay-opacity":"","overlay-gradient":""},"tablet":{"background-color":"var(--ast-global-color-4)","background-image":"","background-repeat":"repeat","background-position":"center center","background-size":"auto","background-attachment":"scroll","background-type":"","background-media":"","overlay-type":"","overlay-color":"","overlay-opacity":"","overlay-gradient":""},"mobile":{"background-color":"var(--ast-global-color-4)","background-image":"","background-repeat":"repeat","background-position":"center center","background-size":"auto","background-attachment":"scroll","background-type":"","background-media":"","overlay-type":"","overlay-color":"","overlay-opacity":"","overlay-gradient":""}},"advanced_seo_description":"","jetpack_seo_html_title":"","jetpack_seo_noindex":false,"footnotes":""},"class_list":["post-1766","page","type-page","status-publish","hentry"],"jetpack_likes_enabled":true,"jetpack_sharing_enabled":true,"jetpack_shortlink":"https:\/\/wp.me\/PgopLa-su","jetpack-related-posts":[{"id":1768,"url":"https:\/\/velonord.blog\/de\/radtouren\/","url_meta":{"origin":1766,"position":0},"title":"Radtouren","author":"sykkelnord","date":"24 mai 2025","format":false,"excerpt":"\ud83d\udc49 Porto-Polen \ud83d\udc49 Australien: Sydney-Perth","rel":"","context":"Article similaire","block_context":{"text":"Article similaire","link":""},"img":{"alt_text":"","src":"","width":0,"height":0},"classes":[]},{"id":1770,"url":"https:\/\/velonord.blog\/it\/percorsi-ciclistici\/","url_meta":{"origin":1766,"position":1},"title":"Percorsi ciclistici","author":"sykkelnord","date":"24 mai 2025","format":false,"excerpt":"\ud83d\udc49Da Porto alla Polonia \ud83d\udc49 Australia: Sydney\u2013Perth","rel":"","context":"Article similaire","block_context":{"text":"Article similaire","link":""},"img":{"alt_text":"","src":"","width":0,"height":0},"classes":[]},{"id":1759,"url":"https:\/\/velonord.blog\/sykkelturer\/","url_meta":{"origin":1766,"position":2},"title":"Sykkelturer","author":"sykkelnord","date":"24 mai 2025","format":false,"excerpt":"Sykkelturer Her finner du historier fra lengre sykkelturer \u2013 med varme, regn, fluer, skrubbs\u00e5r og glede. Klikk p\u00e5 en rute for \u00e5 lese dag for dag, med kart, bilder og litt overdrivelser. \ud83d\udc49 \ud83c\uddf5\ud83c\uddf9 Porto\u2013Polen \ud83d\udc49 \ud83c\udde6\ud83c\uddfa Australia: Sydney-Perth \ud83d\udc49 Italia-Norge","rel":"","context":"Article similaire","block_context":{"text":"Article similaire","link":""},"img":{"alt_text":"","src":"","width":0,"height":0},"classes":[]},{"id":1764,"url":"https:\/\/velonord.blog\/en\/bicycle-tours\/","url_meta":{"origin":1766,"position":3},"title":"Bicycle tours","author":"sykkelnord","date":"24 mai 2025","format":false,"excerpt":"Sykkelturer Her finner du historier fra lengre sykkelturer \u2013 med varme, regn, fluer, skrubbs\u00e5r og glede. Klikk p\u00e5 en rute for \u00e5 lese dag for dag, med kart, bilder og litt overdrivelser. \ud83d\udc49 \ud83c\uddf5\ud83c\uddf9 Porto\u2013Polen \ud83d\udc49 \ud83c\udde6\ud83c\uddfa Australia: Sydney-Perth \ud83d\udc49 Italia-Norge","rel":"","context":"Article similaire","block_context":{"text":"Article similaire","link":""},"img":{"alt_text":"","src":"","width":0,"height":0},"classes":[]},{"id":1774,"url":"https:\/\/velonord.blog\/pl\/wyprawy-rowerowe\/","url_meta":{"origin":1766,"position":4},"title":"Wyprawy rowerowe","author":"sykkelnord","date":"24 mai 2025","format":false,"excerpt":"Sykkelturer Her finner du historier fra lengre sykkelturer \u2013 med varme, regn, fluer, skrubbs\u00e5r og glede. Klikk p\u00e5 en rute for \u00e5 lese dag for dag, med kart, bilder og litt overdrivelser. \ud83d\udc49 \ud83c\uddf5\ud83c\uddf9 Porto\u2013Polen \ud83d\udc49 \ud83c\udde6\ud83c\uddfa Australia: Sydney-Perth \ud83d\udc49 Italia-Norge","rel":"","context":"Article similaire","block_context":{"text":"Article similaire","link":""},"img":{"alt_text":"","src":"","width":0,"height":0},"classes":[]},{"id":1776,"url":"https:\/\/velonord.blog\/es\/rutas-en-bici\/","url_meta":{"origin":1766,"position":5},"title":"Rutas en bici","author":"sykkelnord","date":"24 mai 2025","format":false,"excerpt":"\ud83d\udc49 De Oporto a Polonia \ud83d\udc49 Australia: Sydney\u2013Perth","rel":"","context":"Article similaire","block_context":{"text":"Article similaire","link":""},"img":{"alt_text":"","src":"","width":0,"height":0},"classes":[]}],"_links":{"self":[{"href":"https:\/\/velonord.blog\/fr\/wp-json\/wp\/v2\/pages\/1766","targetHints":{"allow":["GET"]}}],"collection":[{"href":"https:\/\/velonord.blog\/fr\/wp-json\/wp\/v2\/pages"}],"about":[{"href":"https:\/\/velonord.blog\/fr\/wp-json\/wp\/v2\/types\/page"}],"author":[{"embeddable":true,"href":"https:\/\/velonord.blog\/fr\/wp-json\/wp\/v2\/users\/94265162"}],"replies":[{"embeddable":true,"href":"https:\/\/velonord.blog\/fr\/wp-json\/wp\/v2\/comments?post=1766"}],"version-history":[{"count":1,"href":"https:\/\/velonord.blog\/fr\/wp-json\/wp\/v2\/pages\/1766\/revisions"}],"predecessor-version":[{"id":1767,"href":"https:\/\/velonord.blog\/fr\/wp-json\/wp\/v2\/pages\/1766\/revisions\/1767"}],"wp:attachment":[{"href":"https:\/\/velonord.blog\/fr\/wp-json\/wp\/v2\/media?parent=1766"}],"curies":[{"name":"wp","href":"https:\/\/api.w.org\/{rel}","templated":true}]}}