{"id":1797,"date":"2025-05-24T09:47:03","date_gmt":"2025-05-24T07:47:03","guid":{"rendered":"https:\/\/velonord.blog\/blog\/"},"modified":"2025-05-24T13:57:55","modified_gmt":"2025-05-24T11:57:55","slug":"blog","status":"publish","type":"page","link":"https:\/\/velonord.blog\/fr\/blog\/","title":{"rendered":"Blog"},"content":{"rendered":"\n<h2 class=\"wp-block-heading\">Blog<\/h2>\n\n<p class=\"wp-block-paragraph\">Bienvenue dans cet espace o\u00f9 se rassemble tout ce qui \u00e9chappe aux classifications habituelles \u2013 des chroniques de voyage et r\u00e9flexions personnelles aux regards insolites et m\u00e9saventures \u00e0 deux roues. Voici votre porte d&rsquo;entr\u00e9e pour explorer l&rsquo;int\u00e9gralit\u00e9 du blog. <\/p>\n\n<hr class=\"wp-block-separator has-alpha-channel-opacity\"\/>\n\n<h3 class=\"wp-block-heading\">\ud83d\udc49 <a href=\"https:\/\/velonord.blog\/category\/memoarer\/\">\ud83d\udcd3 M\u00e9moires<\/a><\/h3>\n\n<h3 class=\"wp-block-heading\">\ud83d\udc49 <a href=\"https:\/\/velonord.blog\/fr\/cyclotourisme\/\">\ud83c\udf0d Tours \u00e0 v\u00e9lo<\/a><\/h3>\n\n<p class=\"wp-block-paragraph\"><\/p>\n","protected":false},"excerpt":{"rendered":"<p>Blog Bienvenue dans cet espace o\u00f9 se rassemble tout ce qui \u00e9chappe aux classifications habituelles \u2013 des chroniques de voyage [&hellip;]<\/p>\n","protected":false},"author":94265162,"featured_media":0,"parent":0,"menu_order":0,"comment_status":"closed","ping_status":"closed","template":"","meta":{"_crdt_document":"","site-sidebar-layout":"default","site-content-layout":"","ast-site-content-layout":"default","site-content-style":"default","site-sidebar-style":"default","ast-global-header-display":"","ast-banner-title-visibility":"","ast-main-header-display":"","ast-hfb-above-header-display":"","ast-hfb-below-header-display":"","ast-hfb-mobile-header-display":"","site-post-title":"","ast-breadcrumbs-content":"","ast-featured-img":"","footer-sml-layout":"","ast-disable-related-posts":"","theme-transparent-header-meta":"","adv-header-id-meta":"","stick-header-meta":"","header-above-stick-meta":"","header-main-stick-meta":"","header-below-stick-meta":"","astra-migrate-meta-layouts":"default","ast-page-background-enabled":"default","ast-page-background-meta":{"desktop":{"background-color":"var(--ast-global-color-5)","background-image":"","background-repeat":"repeat","background-position":"center center","background-size":"auto","background-attachment":"scroll","background-type":"","background-media":"","overlay-type":"","overlay-color":"","overlay-opacity":"","overlay-gradient":""},"tablet":{"background-color":"","background-image":"","background-repeat":"repeat","background-position":"center center","background-size":"auto","background-attachment":"scroll","background-type":"","background-media":"","overlay-type":"","overlay-color":"","overlay-opacity":"","overlay-gradient":""},"mobile":{"background-color":"","background-image":"","background-repeat":"repeat","background-position":"center center","background-size":"auto","background-attachment":"scroll","background-type":"","background-media":"","overlay-type":"","overlay-color":"","overlay-opacity":"","overlay-gradient":""}},"ast-content-background-meta":{"desktop":{"background-color":"var(--ast-global-color-4)","background-image":"","background-repeat":"repeat","background-position":"center center","background-size":"auto","background-attachment":"scroll","background-type":"","background-media":"","overlay-type":"","overlay-color":"","overlay-opacity":"","overlay-gradient":""},"tablet":{"background-color":"var(--ast-global-color-4)","background-image":"","background-repeat":"repeat","background-position":"center center","background-size":"auto","background-attachment":"scroll","background-type":"","background-media":"","overlay-type":"","overlay-color":"","overlay-opacity":"","overlay-gradient":""},"mobile":{"background-color":"var(--ast-global-color-4)","background-image":"","background-repeat":"repeat","background-position":"center center","background-size":"auto","background-attachment":"scroll","background-type":"","background-media":"","overlay-type":"","overlay-color":"","overlay-opacity":"","overlay-gradient":""}},"advanced_seo_description":"","jetpack_seo_html_title":"","jetpack_seo_noindex":false,"footnotes":""},"class_list":["post-1797","page","type-page","status-publish","hentry"],"jetpack_likes_enabled":true,"jetpack_sharing_enabled":true,"jetpack_shortlink":"https:\/\/wp.me\/PgopLa-sZ","jetpack-related-posts":[{"id":1795,"url":"https:\/\/velonord.blog\/en\/blog\/","url_meta":{"origin":1797,"position":0},"title":"Blog","author":"sykkelnord","date":"24 mai 2025","format":false,"excerpt":"Blog Here you will find everything that doesn't fit in a box \u2013 travel letters, reflections, sidelong glances and small disasters on two wheels. This is the main overview for the entire blog. \ud83d\udc49 \ud83d\udcd3Memoirs \ud83d\udc49 \ud83c\udf0d Bicycle trips","rel":"","context":"Article similaire","block_context":{"text":"Article similaire","link":""},"img":{"alt_text":"","src":"","width":0,"height":0},"classes":[]},{"id":1801,"url":"https:\/\/velonord.blog\/it\/blog\/","url_meta":{"origin":1797,"position":1},"title":"Blog","author":"sykkelnord","date":"24 mai 2025","format":false,"excerpt":"Blog Qui troverai tutto ci\u00f2 che non si adatta in una scatola \u2013 lettere di viaggio, riflessioni, sguardi obliqui e piccole catastrofi a due ruote. Questa \u00e8 la panoramica principale dell'intero blog. \ud83d\udc49 \ud83d\udcd3 Memorie \ud83d\udc49 \ud83c\udf0d Tour in bicicletta","rel":"","context":"Article similaire","block_context":{"text":"Article similaire","link":""},"img":{"alt_text":"","src":"","width":0,"height":0},"classes":[]},{"id":1803,"url":"https:\/\/velonord.blog\/pl\/blog\/","url_meta":{"origin":1797,"position":2},"title":"Blog","author":"sykkelnord","date":"24 mai 2025","format":false,"excerpt":"Blog Tutaj znajdziesz wszystko, co nie mie\u015bci si\u0119 w schematach \u2013 listy z podr\u00f3\u017cy, refleksje, spojrzenia z ukosa i ma\u0142e katastrofy na dw\u00f3ch k\u00f3\u0142kach. To jest g\u0142\u00f3wny przegl\u0105d ca\u0142ego bloga. \ud83d\udc49 \ud83d\udcd3 Wspomnienia \ud83d\udc49 \ud83c\udf0d Wyprawy rowerowe","rel":"","context":"Article similaire","block_context":{"text":"Article similaire","link":""},"img":{"alt_text":"","src":"","width":0,"height":0},"classes":[]},{"id":1805,"url":"https:\/\/velonord.blog\/es\/blog\/","url_meta":{"origin":1797,"position":3},"title":"Blog","author":"sykkelnord","date":"24 mai 2025","format":false,"excerpt":"Blog Aqu\u00ed encontrar\u00e1s todo lo que no encaja en una categor\u00eda \u2013 cartas de viaje, reflexiones, miradas oblicuas y peque\u00f1as cat\u00e1strofes sobre dos ruedas. Esta es la vista general principal de todo el blog. \ud83d\udc49 \ud83d\udcd3 Memorias \ud83d\udc49 \ud83c\udf0d Viajes en bicicleta","rel":"","context":"Article similaire","block_context":{"text":"Article similaire","link":""},"img":{"alt_text":"","src":"","width":0,"height":0},"classes":[]},{"id":1799,"url":"https:\/\/velonord.blog\/de\/blog\/","url_meta":{"origin":1797,"position":4},"title":"Blog","author":"sykkelnord","date":"24 mai 2025","format":false,"excerpt":"Blog Willkommen in dieser Sammlung von allem, was sich jeder Schublade entzieht \u2013 von Reiseberichten und pers\u00f6nlichen Reflexionen bis hin zu schr\u00e4gen Beobachtungen und Missgeschicken auf zwei R\u00e4dern. Hier \u00f6ffnet sich Ihr Tor zur Erkundung des gesamten Blogs. \ud83d\udc49 \ud83d\udcd3 Memoiren \ud83d\udc49 \ud83c\udf0d Radtouren","rel":"","context":"Article similaire","block_context":{"text":"Article similaire","link":""},"img":{"alt_text":"","src":"","width":0,"height":0},"classes":[]},{"id":138,"url":"https:\/\/velonord.blog\/omtaler\/","url_meta":{"origin":1797,"position":5},"title":"Omtaler","author":"sykkelnord","date":"5 mars 2025","format":false,"excerpt":"Omtaler Her finner du vurderinger og erfaringer med alt jeg har testet \u2013 fra sykler og datamaskiner til hansker og sm\u00e5ting du egentlig ikke trenger (men kanskje vil ha likevel). \ud83d\udc49 \ud83d\udeb4 Sykler \ud83d\udc49 \ud83d\udd27 Utstyr \ud83d\udc49 \ud83d\udcdf Sykkelcomputere og elektronikk \ud83d\udc49 \ud83e\udde4 Tilbeh\u00f8r","rel":"","context":"Article similaire","block_context":{"text":"Article similaire","link":""},"img":{"alt_text":"","src":"","width":0,"height":0},"classes":[]}],"_links":{"self":[{"href":"https:\/\/velonord.blog\/fr\/wp-json\/wp\/v2\/pages\/1797","targetHints":{"allow":["GET"]}}],"collection":[{"href":"https:\/\/velonord.blog\/fr\/wp-json\/wp\/v2\/pages"}],"about":[{"href":"https:\/\/velonord.blog\/fr\/wp-json\/wp\/v2\/types\/page"}],"author":[{"embeddable":true,"href":"https:\/\/velonord.blog\/fr\/wp-json\/wp\/v2\/users\/94265162"}],"replies":[{"embeddable":true,"href":"https:\/\/velonord.blog\/fr\/wp-json\/wp\/v2\/comments?post=1797"}],"version-history":[{"count":3,"href":"https:\/\/velonord.blog\/fr\/wp-json\/wp\/v2\/pages\/1797\/revisions"}],"predecessor-version":[{"id":1810,"href":"https:\/\/velonord.blog\/fr\/wp-json\/wp\/v2\/pages\/1797\/revisions\/1810"}],"wp:attachment":[{"href":"https:\/\/velonord.blog\/fr\/wp-json\/wp\/v2\/media?parent=1797"}],"curies":[{"name":"wp","href":"https:\/\/api.w.org\/{rel}","templated":true}]}}