{"id":1818,"date":"2025-05-24T10:00:13","date_gmt":"2025-05-24T08:00:13","guid":{"rendered":"https:\/\/velonord.blog\/memoaer\/"},"modified":"2025-05-24T14:21:13","modified_gmt":"2025-05-24T12:21:13","slug":"memoaer","status":"publish","type":"page","link":"https:\/\/velonord.blog\/fr\/memoaer\/","title":{"rendered":"M\u00e9moires"},"content":{"rendered":"\n<h2 class=\"wp-block-heading\">Veien til Styrkepr\u00f8ven<\/h2>\n\n<p class=\"wp-block-paragraph\">Hvordan trener man seg opp til \u00e5 sykle over 500 km med lav puls og (nesten) godt hum\u00f8r? Her samler jeg alle innleggene fra min ferd mot \u00e5 overleve, prestere og svette p\u00e5 norsk asfalt. <\/p>\n\n<hr class=\"wp-block-separator has-alpha-channel-opacity\"\/>\n\n<h3 class=\"wp-block-heading\">\ud83d\udc49 <a href=\"https:\/\/velonord.blog\/fr\/category\/memoires\/la-route-vers-la-styrkeproven\/\">\ud83d\udcaa Veien til Styrkepr\u00f8ven \u2013 alle innlegg<\/a><\/h3>\n\n<p class=\"wp-block-paragraph\"><\/p>\n","protected":false},"excerpt":{"rendered":"<p>Veien til Styrkepr\u00f8ven Hvordan trener man seg opp til \u00e5 sykle over 500 km med lav puls og (nesten) godt [&hellip;]<\/p>\n","protected":false},"author":94265162,"featured_media":0,"parent":0,"menu_order":0,"comment_status":"closed","ping_status":"closed","template":"","meta":{"_crdt_document":"","site-sidebar-layout":"default","site-content-layout":"","ast-site-content-layout":"default","site-content-style":"default","site-sidebar-style":"default","ast-global-header-display":"","ast-banner-title-visibility":"","ast-main-header-display":"","ast-hfb-above-header-display":"","ast-hfb-below-header-display":"","ast-hfb-mobile-header-display":"","site-post-title":"","ast-breadcrumbs-content":"","ast-featured-img":"","footer-sml-layout":"","ast-disable-related-posts":"","theme-transparent-header-meta":"","adv-header-id-meta":"","stick-header-meta":"","header-above-stick-meta":"","header-main-stick-meta":"","header-below-stick-meta":"","astra-migrate-meta-layouts":"default","ast-page-background-enabled":"default","ast-page-background-meta":{"desktop":{"background-color":"var(--ast-global-color-5)","background-image":"","background-repeat":"repeat","background-position":"center center","background-size":"auto","background-attachment":"scroll","background-type":"","background-media":"","overlay-type":"","overlay-color":"","overlay-opacity":"","overlay-gradient":""},"tablet":{"background-color":"","background-image":"","background-repeat":"repeat","background-position":"center center","background-size":"auto","background-attachment":"scroll","background-type":"","background-media":"","overlay-type":"","overlay-color":"","overlay-opacity":"","overlay-gradient":""},"mobile":{"background-color":"","background-image":"","background-repeat":"repeat","background-position":"center center","background-size":"auto","background-attachment":"scroll","background-type":"","background-media":"","overlay-type":"","overlay-color":"","overlay-opacity":"","overlay-gradient":""}},"ast-content-background-meta":{"desktop":{"background-color":"var(--ast-global-color-4)","background-image":"","background-repeat":"repeat","background-position":"center center","background-size":"auto","background-attachment":"scroll","background-type":"","background-media":"","overlay-type":"","overlay-color":"","overlay-opacity":"","overlay-gradient":""},"tablet":{"background-color":"var(--ast-global-color-4)","background-image":"","background-repeat":"repeat","background-position":"center center","background-size":"auto","background-attachment":"scroll","background-type":"","background-media":"","overlay-type":"","overlay-color":"","overlay-opacity":"","overlay-gradient":""},"mobile":{"background-color":"var(--ast-global-color-4)","background-image":"","background-repeat":"repeat","background-position":"center center","background-size":"auto","background-attachment":"scroll","background-type":"","background-media":"","overlay-type":"","overlay-color":"","overlay-opacity":"","overlay-gradient":""}},"advanced_seo_description":"","jetpack_seo_html_title":"","jetpack_seo_noindex":false,"footnotes":""},"class_list":["post-1818","page","type-page","status-publish","hentry"],"jetpack_likes_enabled":true,"jetpack_sharing_enabled":true,"jetpack_shortlink":"https:\/\/wp.me\/PgopLa-tk","jetpack-related-posts":[{"id":1784,"url":"https:\/\/velonord.blog\/memoaer\/","url_meta":{"origin":1818,"position":0},"title":"Memoaer","author":"sykkelnord","date":"24 mai 2025","format":false,"excerpt":"Veien til Styrkepr\u00f8ven Hvordan trener man seg opp til \u00e5 sykle over 500 km med lav puls og (nesten) godt hum\u00f8r? Her samler jeg alle innleggene fra min ferd mot \u00e5 overleve, prestere og svette p\u00e5 norsk asfalt. \ud83d\udc49 \ud83d\udcaa Veien til Styrkepr\u00f8ven \u2013 alle innlegg","rel":"","context":"Article similaire","block_context":{"text":"Article similaire","link":""},"img":{"alt_text":"","src":"","width":0,"height":0},"classes":[]},{"id":1816,"url":"https:\/\/velonord.blog\/en\/memoaer\/","url_meta":{"origin":1818,"position":1},"title":"Memoirs","author":"sykkelnord","date":"24 mai 2025","format":false,"excerpt":"Veien til Styrkepr\u00f8ven Hvordan trener man seg opp til \u00e5 sykle over 500 km med lav puls og (nesten) godt hum\u00f8r? Her samler jeg alle innleggene fra min ferd mot \u00e5 overleve, prestere og svette p\u00e5 norsk asfalt. \ud83d\udc49 \ud83d\udcaa Veien til Styrkepr\u00f8ven \u2013 alle innlegg","rel":"","context":"Article similaire","block_context":{"text":"Article similaire","link":""},"img":{"alt_text":"","src":"","width":0,"height":0},"classes":[]},{"id":1820,"url":"https:\/\/velonord.blog\/de\/memoaer\/","url_meta":{"origin":1818,"position":2},"title":"Memoiren","author":"sykkelnord","date":"24 mai 2025","format":false,"excerpt":"Veien til Styrkepr\u00f8ven Hvordan trener man seg opp til \u00e5 sykle over 500 km med lav puls og (nesten) godt hum\u00f8r? Her samler jeg alle innleggene fra min ferd mot \u00e5 overleve, prestere og svette p\u00e5 norsk asfalt. \ud83d\udc49 \ud83d\udcaa Veien til Styrkepr\u00f8ven \u2013 alle innlegg","rel":"","context":"Article similaire","block_context":{"text":"Article similaire","link":""},"img":{"alt_text":"","src":"","width":0,"height":0},"classes":[]},{"id":1822,"url":"https:\/\/velonord.blog\/it\/memorie\/","url_meta":{"origin":1818,"position":3},"title":"Memorie","author":"sykkelnord","date":"24 mai 2025","format":false,"excerpt":"Veien til Styrkepr\u00f8ven Hvordan trener man seg opp til \u00e5 sykle over 500 km med lav puls og (nesten) godt hum\u00f8r? Her samler jeg alle innleggene fra min ferd mot \u00e5 overleve, prestere og svette p\u00e5 norsk asfalt. \ud83d\udc49 \ud83d\udcaa Veien til Styrkepr\u00f8ven \u2013 alle innlegg","rel":"","context":"Article similaire","block_context":{"text":"Article similaire","link":""},"img":{"alt_text":"","src":"","width":0,"height":0},"classes":[]},{"id":1824,"url":"https:\/\/velonord.blog\/pl\/wspomnienia\/","url_meta":{"origin":1818,"position":4},"title":"Wspomnienia","author":"sykkelnord","date":"24 mai 2025","format":false,"excerpt":"Veien til Styrkepr\u00f8ven Hvordan trener man seg opp til \u00e5 sykle over 500 km med lav puls og (nesten) godt hum\u00f8r? Her samler jeg alle innleggene fra min ferd mot \u00e5 overleve, prestere og svette p\u00e5 norsk asfalt. \ud83d\udc49 \ud83d\udcaa Veien til Styrkepr\u00f8ven \u2013 alle innlegg","rel":"","context":"Article similaire","block_context":{"text":"Article similaire","link":""},"img":{"alt_text":"","src":"","width":0,"height":0},"classes":[]},{"id":1826,"url":"https:\/\/velonord.blog\/es\/memorias\/","url_meta":{"origin":1818,"position":5},"title":"Memorias","author":"sykkelnord","date":"24 mai 2025","format":false,"excerpt":"Veien til Styrkepr\u00f8ven Hvordan trener man seg opp til \u00e5 sykle over 500 km med lav puls og (nesten) godt hum\u00f8r? Her samler jeg alle innleggene fra min ferd mot \u00e5 overleve, prestere og svette p\u00e5 norsk asfalt. \ud83d\udc49 \ud83d\udcaa Veien til Styrkepr\u00f8ven \u2013 alle innlegg","rel":"","context":"Article similaire","block_context":{"text":"Article similaire","link":""},"img":{"alt_text":"","src":"","width":0,"height":0},"classes":[]}],"_links":{"self":[{"href":"https:\/\/velonord.blog\/fr\/wp-json\/wp\/v2\/pages\/1818","targetHints":{"allow":["GET"]}}],"collection":[{"href":"https:\/\/velonord.blog\/fr\/wp-json\/wp\/v2\/pages"}],"about":[{"href":"https:\/\/velonord.blog\/fr\/wp-json\/wp\/v2\/types\/page"}],"author":[{"embeddable":true,"href":"https:\/\/velonord.blog\/fr\/wp-json\/wp\/v2\/users\/94265162"}],"replies":[{"embeddable":true,"href":"https:\/\/velonord.blog\/fr\/wp-json\/wp\/v2\/comments?post=1818"}],"version-history":[{"count":3,"href":"https:\/\/velonord.blog\/fr\/wp-json\/wp\/v2\/pages\/1818\/revisions"}],"predecessor-version":[{"id":1833,"href":"https:\/\/velonord.blog\/fr\/wp-json\/wp\/v2\/pages\/1818\/revisions\/1833"}],"wp:attachment":[{"href":"https:\/\/velonord.blog\/fr\/wp-json\/wp\/v2\/media?parent=1818"}],"curies":[{"name":"wp","href":"https:\/\/api.w.org\/{rel}","templated":true}]}}