{"id":1774,"date":"2025-05-24T09:21:39","date_gmt":"2025-05-24T07:21:39","guid":{"rendered":"https:\/\/velonord.blog\/wyprawy-rowerowe\/"},"modified":"2026-02-28T09:06:10","modified_gmt":"2026-02-28T08:06:10","slug":"wyprawy-rowerowe","status":"publish","type":"page","link":"https:\/\/velonord.blog\/pl\/wyprawy-rowerowe\/","title":{"rendered":"Wyprawy rowerowe"},"content":{"rendered":"\n<h2 class=\"wp-block-heading\">Sykkelturer<\/h2>\n\n<p class=\"wp-block-paragraph\">Her finner du historier fra lengre sykkelturer \u2013 med varme, regn, fluer, skrubbs\u00e5r og glede. Klikk p\u00e5 en rute for \u00e5 lese dag for dag, med kart, bilder og litt overdrivelser.<\/p>\n\n<hr class=\"wp-block-separator has-alpha-channel-opacity\" \/>\n\n<h3 class=\"wp-block-heading\">\ud83d\udc49 <a href=\"https:\/\/velonord.blog\/category\/porto-polen\/\">\ud83c\uddf5\ud83c\uddf9 Porto\u2013Polen<\/a><\/h3>\n\n<h3 class=\"wp-block-heading\">\ud83d\udc49 <a href=\"https:\/\/velonord.blog\/category\/sykkelturer-2\/australia-sydney-perth\/\">\ud83c\udde6\ud83c\uddfa Australia: Sydney-Perth<\/a><\/h3>\n\n<p class=\"has-large-font-size wp-block-paragraph\"><a href=\"https:\/\/velonord.blog\/2025\/10\/15\/fra-bari-en-nordmanns-mote-med-italias-velkomstkomite-hete-whatsapp-og-en-bitteliten-heis\/\">\ud83d\udc49  Italia-Norge <\/a><\/p>\n\n<p class=\"wp-block-paragraph\"><\/p>\n","protected":false},"excerpt":{"rendered":"<p>Sykkelturer Her finner du historier fra lengre sykkelturer \u2013 med varme, regn, fluer, skrubbs\u00e5r og glede. Klikk p\u00e5 en rute [&hellip;]<\/p>\n","protected":false},"author":94265162,"featured_media":0,"parent":0,"menu_order":0,"comment_status":"closed","ping_status":"closed","template":"","meta":{"_crdt_document":"","site-sidebar-layout":"default","site-content-layout":"","ast-site-content-layout":"default","site-content-style":"default","site-sidebar-style":"default","ast-global-header-display":"","ast-banner-title-visibility":"","ast-main-header-display":"","ast-hfb-above-header-display":"","ast-hfb-below-header-display":"","ast-hfb-mobile-header-display":"","site-post-title":"","ast-breadcrumbs-content":"","ast-featured-img":"","footer-sml-layout":"","ast-disable-related-posts":"","theme-transparent-header-meta":"","adv-header-id-meta":"","stick-header-meta":"","header-above-stick-meta":"","header-main-stick-meta":"","header-below-stick-meta":"","astra-migrate-meta-layouts":"default","ast-page-background-enabled":"default","ast-page-background-meta":{"desktop":{"background-color":"var(--ast-global-color-5)","background-image":"","background-repeat":"repeat","background-position":"center center","background-size":"auto","background-attachment":"scroll","background-type":"","background-media":"","overlay-type":"","overlay-color":"","overlay-opacity":"","overlay-gradient":""},"tablet":{"background-color":"","background-image":"","background-repeat":"repeat","background-position":"center center","background-size":"auto","background-attachment":"scroll","background-type":"","background-media":"","overlay-type":"","overlay-color":"","overlay-opacity":"","overlay-gradient":""},"mobile":{"background-color":"","background-image":"","background-repeat":"repeat","background-position":"center center","background-size":"auto","background-attachment":"scroll","background-type":"","background-media":"","overlay-type":"","overlay-color":"","overlay-opacity":"","overlay-gradient":""}},"ast-content-background-meta":{"desktop":{"background-color":"var(--ast-global-color-4)","background-image":"","background-repeat":"repeat","background-position":"center center","background-size":"auto","background-attachment":"scroll","background-type":"","background-media":"","overlay-type":"","overlay-color":"","overlay-opacity":"","overlay-gradient":""},"tablet":{"background-color":"var(--ast-global-color-4)","background-image":"","background-repeat":"repeat","background-position":"center center","background-size":"auto","background-attachment":"scroll","background-type":"","background-media":"","overlay-type":"","overlay-color":"","overlay-opacity":"","overlay-gradient":""},"mobile":{"background-color":"var(--ast-global-color-4)","background-image":"","background-repeat":"repeat","background-position":"center center","background-size":"auto","background-attachment":"scroll","background-type":"","background-media":"","overlay-type":"","overlay-color":"","overlay-opacity":"","overlay-gradient":""}},"advanced_seo_description":"","jetpack_seo_html_title":"","jetpack_seo_noindex":false,"footnotes":""},"class_list":["post-1774","page","type-page","status-publish","hentry"],"jetpack_likes_enabled":true,"jetpack_sharing_enabled":true,"jetpack_shortlink":"https:\/\/wp.me\/PgopLa-sC","jetpack-related-posts":[{"id":1759,"url":"https:\/\/velonord.blog\/sykkelturer\/","url_meta":{"origin":1774,"position":0},"title":"Sykkelturer","author":"sykkelnord","date":"2025-05-24","format":false,"excerpt":"Sykkelturer Her finner du historier fra lengre sykkelturer \u2013 med varme, regn, fluer, skrubbs\u00e5r og glede. Klikk p\u00e5 en rute for \u00e5 lese dag for dag, med kart, bilder og litt overdrivelser. \ud83d\udc49 \ud83c\uddf5\ud83c\uddf9 Porto\u2013Polen \ud83d\udc49 \ud83c\udde6\ud83c\uddfa Australia: Sydney-Perth \ud83d\udc49 Italia-Norge","rel":"","context":"Podobny wpis","block_context":{"text":"Podobny wpis","link":""},"img":{"alt_text":"","src":"","width":0,"height":0},"classes":[]},{"id":1764,"url":"https:\/\/velonord.blog\/en\/bicycle-tours\/","url_meta":{"origin":1774,"position":1},"title":"Bicycle tours","author":"sykkelnord","date":"2025-05-24","format":false,"excerpt":"Sykkelturer Her finner du historier fra lengre sykkelturer \u2013 med varme, regn, fluer, skrubbs\u00e5r og glede. Klikk p\u00e5 en rute for \u00e5 lese dag for dag, med kart, bilder og litt overdrivelser. \ud83d\udc49 \ud83c\uddf5\ud83c\uddf9 Porto\u2013Polen \ud83d\udc49 \ud83c\udde6\ud83c\uddfa Australia: Sydney-Perth \ud83d\udc49 Italia-Norge","rel":"","context":"Podobny wpis","block_context":{"text":"Podobny wpis","link":""},"img":{"alt_text":"","src":"","width":0,"height":0},"classes":[]},{"id":1780,"url":"https:\/\/velonord.blog\/blogg-2\/","url_meta":{"origin":1774,"position":2},"title":"Blogg","author":"sykkelnord","date":"2025-05-24","format":false,"excerpt":"Blogg Her finner du alt som ikke passer i en boks \u2013 reisebrev, refleksjoner, skr\u00e5blikk og sm\u00e5 katastrofer med to hjul. Dette er hovedoversikten for hele bloggen. \ud83d\udc49 \ud83d\udcd3 Memoarer \ud83d\udc49 \ud83c\udf0d Sykkelturer","rel":"","context":"Podobny wpis","block_context":{"text":"Podobny wpis","link":""},"img":{"alt_text":"","src":"","width":0,"height":0},"classes":[]},{"id":1,"url":"https:\/\/velonord.blog\/om\/","url_meta":{"origin":1774,"position":3},"title":"Om","author":"sykkelnord","date":"2025-03-03","format":false,"excerpt":"\ud83c\uddf3\ud83c\uddf4 Noe innhold er allerede tilgjengelig \u2013 mer kommer snart\ud83c\uddf5\ud83c\uddf1 Cz\u0119\u015b\u0107 tre\u015bci ju\u017c dost\u0119pna \u2013 wi\u0119cej wkr\u00f3tce\ud83c\uddea\ud83c\uddf8 Parte del contenido ya disponible \u2013 m\u00e1s muy pronto\ud83c\udde9\ud83c\uddea Erste Inhalte bereits verf\u00fcgbar \u2013 mehr folgt in K\u00fcrze\ud83c\uddeb\ud83c\uddf7 Du contenu est d\u00e9j\u00e0 disponible \u2013 d\u2019autres arrivent bient\u00f4t\ud83c\uddee\ud83c\uddf9 Alcuni contenuti sono gi\u00e0 disponibili \u2013\u2026","rel":"","context":"Podobny wpis","block_context":{"text":"Podobny wpis","link":""},"img":{"alt_text":"","src":"https:\/\/i0.wp.com\/velonord.blog\/wp-content\/uploads\/2025\/03\/img_4285-edited.jpeg?resize=350%2C200&ssl=1","width":350,"height":200,"srcset":"https:\/\/i0.wp.com\/velonord.blog\/wp-content\/uploads\/2025\/03\/img_4285-edited.jpeg?resize=350%2C200&ssl=1 1x, https:\/\/i0.wp.com\/velonord.blog\/wp-content\/uploads\/2025\/03\/img_4285-edited.jpeg?resize=525%2C300&ssl=1 1.5x, https:\/\/i0.wp.com\/velonord.blog\/wp-content\/uploads\/2025\/03\/img_4285-edited.jpeg?resize=700%2C400&ssl=1 2x"},"classes":[]},{"id":138,"url":"https:\/\/velonord.blog\/omtaler\/","url_meta":{"origin":1774,"position":4},"title":"Omtaler","author":"sykkelnord","date":"2025-03-05","format":false,"excerpt":"Omtaler Her finner du vurderinger og erfaringer med alt jeg har testet \u2013 fra sykler og datamaskiner til hansker og sm\u00e5ting du egentlig ikke trenger (men kanskje vil ha likevel). \ud83d\udc49 \ud83d\udeb4 Sykler \ud83d\udc49 \ud83d\udd27 Utstyr \ud83d\udc49 \ud83d\udcdf Sykkelcomputere og elektronikk \ud83d\udc49 \ud83e\udde4 Tilbeh\u00f8r","rel":"","context":"Podobny wpis","block_context":{"text":"Podobny wpis","link":""},"img":{"alt_text":"","src":"","width":0,"height":0},"classes":[]},{"id":1784,"url":"https:\/\/velonord.blog\/memoaer\/","url_meta":{"origin":1774,"position":5},"title":"Memoaer","author":"sykkelnord","date":"2025-05-24","format":false,"excerpt":"Veien til Styrkepr\u00f8ven Hvordan trener man seg opp til \u00e5 sykle over 500 km med lav puls og (nesten) godt hum\u00f8r? Her samler jeg alle innleggene fra min ferd mot \u00e5 overleve, prestere og svette p\u00e5 norsk asfalt. \ud83d\udc49 \ud83d\udcaa Veien til Styrkepr\u00f8ven \u2013 alle innlegg","rel":"","context":"Podobny wpis","block_context":{"text":"Podobny wpis","link":""},"img":{"alt_text":"","src":"","width":0,"height":0},"classes":[]}],"_links":{"self":[{"href":"https:\/\/velonord.blog\/pl\/wp-json\/wp\/v2\/pages\/1774","targetHints":{"allow":["GET"]}}],"collection":[{"href":"https:\/\/velonord.blog\/pl\/wp-json\/wp\/v2\/pages"}],"about":[{"href":"https:\/\/velonord.blog\/pl\/wp-json\/wp\/v2\/types\/page"}],"author":[{"embeddable":true,"href":"https:\/\/velonord.blog\/pl\/wp-json\/wp\/v2\/users\/94265162"}],"replies":[{"embeddable":true,"href":"https:\/\/velonord.blog\/pl\/wp-json\/wp\/v2\/comments?post=1774"}],"version-history":[{"count":2,"href":"https:\/\/velonord.blog\/pl\/wp-json\/wp\/v2\/pages\/1774\/revisions"}],"predecessor-version":[{"id":2843,"href":"https:\/\/velonord.blog\/pl\/wp-json\/wp\/v2\/pages\/1774\/revisions\/2843"}],"wp:attachment":[{"href":"https:\/\/velonord.blog\/pl\/wp-json\/wp\/v2\/media?parent=1774"}],"curies":[{"name":"wp","href":"https:\/\/api.w.org\/{rel}","templated":true}]}}